{"id":262,"date":"2023-05-12T11:07:00","date_gmt":"2023-05-12T14:07:00","guid":{"rendered":"https:\/\/hakunamatatabrindes.com.br\/blog\/?page_id=262"},"modified":"2025-04-17T13:23:03","modified_gmt":"2025-04-17T16:23:03","slug":"brindes-para-eventos","status":"publish","type":"page","link":"https:\/\/hakunamatatabrindes.com.br\/blog\/brindes-para-eventos","title":{"rendered":"Super sele\u00e7\u00e3o de brindes para o seu evento"},"content":{"rendered":"\n<p>Os<strong> <\/strong><strong>brindes para eventos<\/strong> s\u00e3o essenciais para o sucesso da sua a\u00e7\u00e3o. Afinal, eles s\u00e3o capazes de atrair o interesse das pessoas e engaj\u00e1-las a divulgar a ocasi\u00e3o. Al\u00e9m disso, eles oferecem diversas vantagens para o relacionamento com o seu p\u00fablico.<\/p>\n\n\n\n<p>Neste post, confira alguns destes benef\u00edcios e confira as nossas melhores ideias de brindes para eventos corporativos. Boa leitura!<\/p>\n\n\n\n<h2 class=\"wp-block-heading\"><strong>Por que incluir brindes em eventos?<\/strong><\/h2>\n\n\n\n<p>De forma geral, os brindes usados em eventos s\u00e3o um chamariz. Por exemplo, eles podem atrair pessoas para conhecer sua marca em um estande de feira, ou ainda, para valorizar um pacote VIP em um festival de m\u00fasica.<\/p>\n\n\n\n<p>Al\u00e9m disso, o sorteio de brindes pode ser usado para antecipar a ocasi\u00e3o. Por exemplo, nas redes sociais, voc\u00ea pode criar a\u00e7\u00f5es que construam o engajamento das pessoas at\u00e9 o grande dia. Nelas, \u00e9 poss\u00edvel sortear brindes entre os que participarem ativamente e chamarem mais pessoas para o evento.<\/p>\n\n\n\n<p>Outra maneira de usar brindes \u00e9 como um agradecimento. Em eventos corporativos, por exemplo, os funcion\u00e1rios podem passar por treinamentos ou serem homenageados.&nbsp;<\/p>\n\n\n\n<p>Independentemente da ocasi\u00e3o, os brindes nesse caso servem para que as pessoas participantes se sintam valorizadas. Al\u00e9m disso, transmitem uma ideia e fortalecem a marca.<\/p>\n\n\n\n<p class=\"has-text-align-center\"> <a href=\"https:\/\/hakunamatatabrindes.com.br\/brindes-personalizados\/kits-personalizados\/\" target=\"_blank\" aria-label=\"Na HM voc\u00ea encontra in\u00fameros kits personalizados com itens que de fato representam a sua empresa. Confira!  (opens in a new tab)\" rel=\"noopener noreferrer\"><strong>Na HM voc\u00ea encontra in\u00fameros kits personalizados com itens que de fato representam a sua empresa. Confira!<\/strong> <\/a><\/p>\n\n\n\n<div class=\"wp-block-image\"><figure class=\"aligncenter size-large is-resized\"><img fetchpriority=\"high\" decoding=\"async\" src=\"https:\/\/hakunamatatabrindes.com.br\/blog\/wp-content\/uploads\/sites\/2\/2023\/05\/melhores-ideias-de-brindes-para-eventos-1.jpg\" alt=\"Pessoas ganhando brindes para evento em embrulhos de presente. Quatro pessoas sorridentes, duas se abra\u00e7ando e um segurando uma ta\u00e7a com bebida de colora\u00e7\u00e3o de vinho branco.\" class=\"wp-image-25211\" width=\"592\" height=\"395\" srcset=\"https:\/\/hakunamatatabrindes.com.br\/blog\/wp-content\/uploads\/sites\/2\/2023\/05\/melhores-ideias-de-brindes-para-eventos-1.jpg 1024w, https:\/\/hakunamatatabrindes.com.br\/blog\/wp-content\/uploads\/sites\/2\/2023\/05\/melhores-ideias-de-brindes-para-eventos-1-300x200.jpg 300w, https:\/\/hakunamatatabrindes.com.br\/blog\/wp-content\/uploads\/sites\/2\/2023\/05\/melhores-ideias-de-brindes-para-eventos-1-768x512.jpg 768w\" sizes=\"(max-width: 592px) 100vw, 592px\" \/><\/figure><\/div>\n\n\n\n<h3 class=\"wp-block-heading\"><strong>Mais vantagens de usar brindes<\/strong><\/h3>\n\n\n\n<p>Pensando em divulga\u00e7\u00e3o, os brindes tamb\u00e9m s\u00e3o uma boa aposta para quem quer expandir a sua marca.  Afinal, sempre que a pessoa usar o item, pode mostrar a sua empresa em p\u00fablico. Por essa raz\u00e3o, vale a pena escolher itens de qualidade, como <strong><a href=\"https:\/\/hakunamatatabrindes.com.br\/brindes-personalizados\/canecas-de-porcelana-personalizadas\/\" target=\"_blank\" aria-label=\" (opens in a new tab)\" rel=\"noopener noreferrer\">canecas de porcelana personalizadas<\/a><\/strong>, e que agradem as pessoas.  <\/p>\n\n\n\n<p>J\u00e1 em rela\u00e7\u00e3o ao custo-benef\u00edcio e personaliza\u00e7\u00e3o, voc\u00ea encontra itens de v\u00e1rios pre\u00e7os, o que permite trabalhar com diferentes or\u00e7amentos, sem deixar de usar o brinde.&nbsp;<\/p>\n\n\n\n<p>Por exemplo, na HM, oferecemos uma variedade de <strong><a href=\"https:\/\/hakunamatatabrindes.com.br\/brindes-personalizados\/brindes-mais-baratos\/\" target=\"_blank\" aria-label=\"brindes personalizados com pre\u00e7os acess\u00edveis (opens in a new tab)\" rel=\"noopener noreferrer\">brindes personalizados com pre\u00e7os acess\u00edveis<\/a><\/strong> mas com alta qualidade, sendo perfeitos para quem busca op\u00e7\u00f5es econ\u00f4micas sem abrir m\u00e3o de um bom produto.<\/p>\n\n\n\n<p>Por sua vez, estes itens contam com diversos modelos que podem ser criados com a sua marca e outros detalhes de sua identidade visual. Assim, a pe\u00e7a fica original e diz muito sobre quem voc\u00ea \u00e9.<\/p>\n\n\n\n<h2 class=\"wp-block-heading\"><strong>As melhores ideias de brindes para eventos corporativos&nbsp;<\/strong><\/h2>\n\n\n\n<p>Agora que voc\u00ea sabe algumas raz\u00f5es para usar os brindes, \u00e9 preciso pensar no que dar de brinde em um evento. Assim, existem diversas possibilidades.&nbsp;<\/p>\n\n\n\n<p>Uma delas \u00e9 apostar em itens neutros, a outra \u00e9 seguir categorias, que combinam com o seu p\u00fablico. Confira as nossas ideias de brindes para eventos corporativos a seguir!<\/p>\n\n\n\n<div class=\"wp-block-image\"><figure class=\"aligncenter size-large is-resized\"><img decoding=\"async\" src=\"https:\/\/hakunamatatabrindes.com.br\/blog\/wp-content\/uploads\/sites\/2\/2023\/06\/melhores-ideias-brindes-para-eventos-corporativos-.jpg\" alt=\"Quatro pessoas com roupa formal, interagindo em evento corporativo, uma delas bebendo \u00e1gua em garrafinha e as outras bebendo, em ta\u00e7a, provavelmente espumante. A imagem representa brindes para eventos corporativos\" class=\"wp-image-25287\" width=\"571\" height=\"380\" srcset=\"https:\/\/hakunamatatabrindes.com.br\/blog\/wp-content\/uploads\/sites\/2\/2023\/06\/melhores-ideias-brindes-para-eventos-corporativos-.jpg 1024w, https:\/\/hakunamatatabrindes.com.br\/blog\/wp-content\/uploads\/sites\/2\/2023\/06\/melhores-ideias-brindes-para-eventos-corporativos--300x200.jpg 300w, https:\/\/hakunamatatabrindes.com.br\/blog\/wp-content\/uploads\/sites\/2\/2023\/06\/melhores-ideias-brindes-para-eventos-corporativos--768x512.jpg 768w\" sizes=\"(max-width: 571px) 100vw, 571px\" \/><\/figure><\/div>\n\n\n\n<ul class=\"wp-block-list\"><li><span style=\"text-decoration: underline;\"><strong><a aria-label=\"Aromatizador de ambiente personalizado com varetas (opens in a new tab)\" href=\"https:\/\/hakunamatatabrindes.com.br\/brindes-promocionais\/aromatizador-de-ambiente-personalizado-com-varetas\/\" target=\"_blank\" rel=\"noreferrer noopener\">Aromatizador de ambiente personalizado com varetas<\/a><\/strong><\/span>: ideal para casa, \u00e9 um dos brindes personalizados diferenciados que empresas de beleza, bem-estar e sa\u00fade podem usar.<\/li><li><span style=\"text-decoration: underline;\"><strong><a aria-label=\"Bolsa saco personalizada (opens in a new tab)\" href=\"https:\/\/hakunamatatabrindes.com.br\/brindes-promocionais\/bolsa-saco-personalizada\/\" target=\"_blank\" rel=\"noreferrer noopener\">Bolsa saco personalizada<\/a><\/strong><\/span>: um item simples e econ\u00f4mico, pode ser personalizada para eventos de treinamento em empresas.<\/li><li><span style=\"text-decoration: underline;\"><strong><a aria-label=\" (opens in a new tab)\" href=\"https:\/\/hakunamatatabrindes.com.br\/brindes-personalizados\/bones-personalizados\/\" target=\"_blank\" rel=\"noreferrer noopener\">Bon\u00e9 promocional personalizado<\/a><\/strong><\/span>: para mostrar seus produtos e servi\u00e7os aos clientes, \u00e9 um dos tipos de brindes mais acess\u00edveis e neutros, faz sucesso com todos, especialmente empresas agr\u00edcolas.<\/li><li><a aria-label=\" (opens in a new tab)\" href=\"https:\/\/hakunamatatabrindes.com.br\/brindes-promocionais\/canetas-personalizadas-preco\/\" target=\"_blank\" rel=\"noreferrer noopener\"><span style=\"text-decoration: underline;\"><strong>Canetas personalizadas<\/strong><\/span><\/a>: comuns, mas muito \u00fateis para o dia a dia, podem ser levadas para qualquer lugar e ajudar na divulga\u00e7\u00e3o da marca.<\/li><li><a aria-label=\" (opens in a new tab)\" href=\"https:\/\/hakunamatatabrindes.com.br\/brindes-promocionais\/chaveiro-alcool-gel-personalizado\/\" target=\"_blank\" rel=\"noreferrer noopener\"><span style=\"text-decoration: underline;\"><strong>Chaveiro \u00e1lcool gel<\/strong><\/span><\/a>: necess\u00e1rio para a higieniza\u00e7\u00e3o, pode ser usado em empresas de sa\u00fade como uma forma de incentivar cuidados em clientes e pessoas em geral.<\/li><li><a aria-label=\" (opens in a new tab)\" href=\"https:\/\/hakunamatatabrindes.com.br\/brindes-promocionais\/conjunto-para-petiscos\/\" target=\"_blank\" rel=\"noreferrer noopener\"><span style=\"text-decoration: underline;\"><strong>Conjunto para petiscos<\/strong><\/span><\/a>: para quem pretende dar um brinde \u00fatil e para casa, ele agrada o colaborador ou cliente, al\u00e9m de divulgar a empresa entre outras pessoas.<\/li><li><a href=\"https:\/\/hakunamatatabrindes.com.br\/brindes-personalizados\/copo-long-drink-personalizado\/\" target=\"_blank\" aria-label=\"Copo long drink personalizado: (opens in a new tab)\" rel=\"noopener noreferrer\"><strong>Copo long drink personalizado<\/strong>:<\/a> parte integrante da lista de brindes para confraterniza\u00e7\u00e3o, tem \u00f3timo custo e conta com v\u00e1rios modelos, como o <span style=\"text-decoration: underline;\"><strong><a aria-label=\"ecol\u00f3gico (opens in a new tab)\" href=\"https:\/\/hakunamatatabrindes.com.br\/brindes-promocionais\/copo-long-drink-ecologico-reciclado-330\/\" target=\"_blank\" rel=\"noreferrer noopener\">ecol\u00f3gico<\/a><\/strong><\/span> e o <a aria-label=\" (opens in a new tab)\" href=\"https:\/\/hakunamatatabrindes.com.br\/brindes-promocionais\/copo-long-drink-neon-personalizado\/\" target=\"_blank\" rel=\"noreferrer noopener\"><strong><span style=\"text-decoration: underline;\">neon<\/span><\/strong>.<\/a><\/li><li><a aria-label=\"Copo t\u00e9rmico fibra de bambu (opens in a new tab)\" href=\"https:\/\/hakunamatatabrindes.com.br\/brindes-promocionais\/copo-termico-fibra-bambu\/\" target=\"_blank\" rel=\"noreferrer noopener\"><span style=\"text-decoration: underline;\"><strong>Copo t\u00e9rmico fibra de bambu<\/strong><\/span><\/a>:&nbsp; dentre as novidades em brindes, o modelo \u00e9 sustent\u00e1vel e t\u00e9rmico, sendo uma \u00f3tima op\u00e7\u00e3o para colaboradores no inverno.<\/li><li><a aria-label=\" (opens in a new tab)\" href=\"https:\/\/hakunamatatabrindes.com.br\/brindes-personalizados\/garrafas-personalizadas\/?swcfpc=1\" target=\"_blank\" rel=\"noreferrer noopener\"><span style=\"text-decoration: underline;\"><strong>Garrafas de \u00e1gua personalizadas<\/strong><\/span><\/a>: pr\u00e1ticas e levadas para todo lugar, elas podem ser personalizadas com a sua marca e alcan\u00e7ar uma ampla divulga\u00e7\u00e3o.<\/li><li><a aria-label=\" (opens in a new tab)\" href=\"https:\/\/hakunamatatabrindes.com.br\/brindes-promocionais\/mochila-saida-fone-de-ouvido\/\" target=\"_blank\" rel=\"noreferrer noopener\"><span style=\"text-decoration: underline;\"><strong>Mochila com sa\u00edda para fone de ouvido<\/strong><\/span><\/a>: um destaque entre os brindes para eventos de tecnologia, ela \u00e9 uma pe\u00e7a preferida da \u00e1rea e pode ser usada em eventos vip ou sorteios.<\/li><li><span style=\"text-decoration: underline;\"><strong><a aria-label=\"Porta-moeda personalizado (opens in a new tab)\" href=\"https:\/\/hakunamatatabrindes.com.br\/brindes-promocionais\/porta-moeda-personalizado\/\" target=\"_blank\" rel=\"noreferrer noopener\">Porta-moeda personalizado<\/a><\/strong><\/span>: \u00fatil para o dia a dia, \u00e9 uma \u00f3tima op\u00e7\u00e3o para empresas de finan\u00e7as ou que ofere\u00e7am palestrar sobre economia a clientes e colaboradores.<\/li><li><span style=\"text-decoration: underline;\"><strong><a aria-label=\"Sacola ecobag (opens in a new tab)\" href=\"https:\/\/hakunamatatabrindes.com.br\/brindes-promocionais\/sacola-ecobag\/\" target=\"_blank\" rel=\"noreferrer noopener\">Sacola ecobag<\/a><\/strong><\/span>: levada para o mercado, farm\u00e1cia ou shopping, \u00e9 um modelo de sacola barato e duradouro, que as pessoas podem usar como um brinde sustent\u00e1vel.<\/li><li><span style=\"text-decoration: underline;\"><strong><a aria-label=\"Viseira personalizada (opens in a new tab)\" href=\"https:\/\/hakunamatatabrindes.com.br\/brindes-personalizados\/viseiras-personalizadas\/?swcfpc=1\" target=\"_blank\" rel=\"noreferrer noopener\">Viseira personalizada<\/a><\/strong><\/span>: especialmente para eventos ao ar livre, \u00e9 um brinde com v\u00e1rios tipos de materiais e pre\u00e7os acess\u00edveis.<\/li><\/ul>\n\n\n\n<h3 class=\"wp-block-heading\"><strong>Itens de papelaria como \u00f3tima op\u00e7\u00e3o de brindes para eventos<\/strong><\/h3>\n\n\n\n<p>Agora que voc\u00ea viu algumas das op\u00e7\u00f5es de brindes corporativos, confira as op\u00e7\u00f5es de itens de papelaria para o seu evento!<\/p>\n\n\n\n<ul class=\"wp-block-list\"><li><span style=\"text-decoration: underline;\"><strong><a aria-label=\"Caderno tipo moleskine (opens in a new tab)\" href=\"https:\/\/hakunamatatabrindes.com.br\/brindes-promocionais\/caderno-tipo-moleskine\/\" target=\"_blank\" rel=\"noreferrer noopener\">Caderno tipo moleskine<\/a><\/strong><\/span>: um dos melhores tipos de brindes para sorteio, \u00e9 um caderno valorizado e sofisticado, que atende a qualquer tipo de p\u00fablico.<\/li><li><strong><span style=\"text-decoration: underline;\"><a aria-label=\"Canetas personalizadas (opens in a new tab)\" href=\"https:\/\/hakunamatatabrindes.com.br\/brindes-promocionais\/canetas-personalizadas-preco\/\" target=\"_blank\" rel=\"noreferrer noopener\">Canetas personalizadas<\/a><\/span><\/strong>: um dos brindes mais populares do mundo, elas podem acompanhar kits com v\u00e1rios artigos, ou serem usadas de forma \u00fanica em uma a\u00e7\u00e3o.<\/li><li><a aria-label=\" (opens in a new tab)\" href=\"https:\/\/hakunamatatabrindes.com.br\/brindes-promocionais\/calculadora-com-cordao-personalizada\/\" target=\"_blank\" rel=\"noreferrer noopener\"><strong><span style=\"text-decoration: underline;\">Calculadora com cord\u00e3o<\/span><\/strong><\/a>: ideal para colaboradores e clientes da \u00e1rea de finan\u00e7as e economia, ela tamb\u00e9m \u00e9 um bom item para funcion\u00e1rios usarem no dia a dia do trabalho, sendo dada em um <a href=\"https:\/\/hakunamatatabrindes.com.br\/brindes-personalizados\/kit-boas-vindas\/\" target=\"_blank\" aria-label=\" (opens in a new tab)\" rel=\"noopener noreferrer\"><strong>kit de boas-vindas<\/strong><\/a>.<\/li><li><a aria-label=\" (opens in a new tab)\" href=\"https:\/\/hakunamatatabrindes.com.br\/brindes-promocionais\/kit-canetas-e-marca-texto-personalizados\/\" target=\"_blank\" rel=\"noreferrer noopener\"><strong><span style=\"text-decoration: underline;\">Kit de caneta marca texto personalizados<\/span><\/strong><\/a>: para destacar trechos importantes em materiais, \u00e9 um item fundamental em escrit\u00f3rios e tamb\u00e9m pode fazer parte de um kit home office.<\/li><li><a aria-label=\" (opens in a new tab)\" href=\"https:\/\/hakunamatatabrindes.com.br\/brindes-promocionais\/mini-agenda-personalizada\/\" target=\"_blank\" rel=\"noreferrer noopener\"><strong><span style=\"text-decoration: underline;\">Mini agenda personalizada<\/span><\/strong><\/a>:\u00a0 \u00f3tima escolha entre os brindes corporativos, a agenda organiza as informa\u00e7\u00f5es essenciais que a pessoa precisa para seu trabalho ou rotina.<\/li><li><a aria-label=\" (opens in a new tab)\" href=\"https:\/\/hakunamatatabrindes.com.br\/brindes-promocionais\/mini-bloquinho-personalizado\/\" target=\"_blank\" rel=\"noreferrer noopener\"><strong><span style=\"text-decoration: underline;\">Mini bloquinho \/ bloco de anota\u00e7\u00f5es personalizado<\/span><\/strong><\/a>: pr\u00e1tico, neutro e econ\u00f4mico, serve para eventos com centenas de pessoas ou reuni\u00f5es mais intimistas, com acionistas da empresa.<\/li><li><a aria-label=\" (opens in a new tab)\" href=\"https:\/\/hakunamatatabrindes.com.br\/brindes-personalizados\/reguas-ecologicas-personalizadas\/?swcfpc=1\" target=\"_blank\" rel=\"noreferrer noopener\"><strong><span style=\"text-decoration: underline;\">R\u00e9gua<\/span><\/strong><\/a>: um item de papelaria, serve como brinde corporativo, al\u00e9m de atender eventos educacionais, como em faculdades e escolas.<\/li><\/ul>\n\n\n\n<p><\/p>\n\n\n\n<div class=\"wp-block-image\"><figure class=\"aligncenter size-large is-resized\"><img decoding=\"async\" src=\"https:\/\/hakunamatatabrindes.com.br\/blog\/wp-content\/uploads\/sites\/2\/2023\/05\/brindes-para-eventos.jpg\" alt=\"Executiva recendo um brinde tecnol\u00f3gico em um evento, plateia aplaudindo.\" class=\"wp-image-25210\" width=\"588\" height=\"391\" srcset=\"https:\/\/hakunamatatabrindes.com.br\/blog\/wp-content\/uploads\/sites\/2\/2023\/05\/brindes-para-eventos.jpg 1024w, https:\/\/hakunamatatabrindes.com.br\/blog\/wp-content\/uploads\/sites\/2\/2023\/05\/brindes-para-eventos-300x200.jpg 300w, https:\/\/hakunamatatabrindes.com.br\/blog\/wp-content\/uploads\/sites\/2\/2023\/05\/brindes-para-eventos-768x512.jpg 768w\" sizes=\"(max-width: 588px) 100vw, 588px\" \/><\/figure><\/div>\n\n\n\n<p class=\"has-text-align-center\"><strong>Quer conferir mais op\u00e7\u00f5es que a Hakuna Matata tem para voc\u00ea? <span style=\"text-decoration: underline;\"><a aria-label=\"CONFIRA O CAT\u00c1LOGO DE BRINDES TECNOL\u00d3GICOS! (opens in a new tab)\" href=\"https:\/\/hakunamatatabrindes.com.br\/brindes-personalizados\/brindes-tecnologicos\/\" target=\"_blank\" rel=\"noreferrer noopener\">CONFIRA O CAT\u00c1LOGO DE BRINDES TECNOL\u00d3GICOS!<\/a><\/span><\/strong><\/p>\n\n\n\n<h2 class=\"wp-block-heading\"><strong>Conclus\u00e3o<\/strong><\/h2>\n\n\n\n<p>Os brindes personalizados para eventos n\u00e3o servem apenas para agradar as pessoas. Pelo contr\u00e1rio, eles ajudam a atrair o interesse delas pelo evento, fazendo com que participem, divulguem e se engajem nas atividades relacionadas a ele. Al\u00e9m disso, \u00e9 uma maneira de a empresa refor\u00e7ar seu v\u00ednculo com cada pessoa, seja cliente ou colaborador, bem como conseguir a divulga\u00e7\u00e3o de sua marca, quando a pessoa usar o item em p\u00fablico.<\/p>\n","protected":false},"excerpt":{"rendered":"<p>Os brindes para eventos s\u00e3o essenciais para o sucesso da sua a\u00e7\u00e3o. Afinal, eles s\u00e3o capazes de atrair o interesse &#8230; <\/p>\n","protected":false},"author":2,"featured_media":263,"parent":0,"menu_order":0,"comment_status":"closed","ping_status":"closed","template":"","meta":{"footnotes":""},"class_list":["post-262","page","type-page","status-publish","has-post-thumbnail","hentry"],"aioseo_notices":[],"_links":{"self":[{"href":"https:\/\/hakunamatatabrindes.com.br\/blog\/wp-json\/wp\/v2\/pages\/262","targetHints":{"allow":["GET"]}}],"collection":[{"href":"https:\/\/hakunamatatabrindes.com.br\/blog\/wp-json\/wp\/v2\/pages"}],"about":[{"href":"https:\/\/hakunamatatabrindes.com.br\/blog\/wp-json\/wp\/v2\/types\/page"}],"author":[{"embeddable":true,"href":"https:\/\/hakunamatatabrindes.com.br\/blog\/wp-json\/wp\/v2\/users\/2"}],"replies":[{"embeddable":true,"href":"https:\/\/hakunamatatabrindes.com.br\/blog\/wp-json\/wp\/v2\/comments?post=262"}],"version-history":[{"count":22,"href":"https:\/\/hakunamatatabrindes.com.br\/blog\/wp-json\/wp\/v2\/pages\/262\/revisions"}],"predecessor-version":[{"id":26068,"href":"https:\/\/hakunamatatabrindes.com.br\/blog\/wp-json\/wp\/v2\/pages\/262\/revisions\/26068"}],"wp:featuredmedia":[{"embeddable":true,"href":"https:\/\/hakunamatatabrindes.com.br\/blog\/wp-json\/wp\/v2\/media\/263"}],"wp:attachment":[{"href":"https:\/\/hakunamatatabrindes.com.br\/blog\/wp-json\/wp\/v2\/media?parent=262"}],"curies":[{"name":"wp","href":"https:\/\/api.w.org\/{rel}","templated":true}]}}