{"id":91,"date":"2019-05-06T15:45:28","date_gmt":"2019-05-06T18:45:28","guid":{"rendered":"https:\/\/hakunamatatabrindes.com.br\/blog\/?page_id=91"},"modified":"2023-03-21T11:19:28","modified_gmt":"2023-03-21T14:19:28","slug":"contato","status":"publish","type":"page","link":"https:\/\/hakunamatatabrindes.com.br\/blog\/contato","title":{"rendered":"Contato"},"content":{"rendered":"<h2>Conhe\u00e7a a Hakuna Matata Brindes e como surpreender o nosso servi\u00e7o<\/h2>\n<p>O seu primeiro <strong>contato <\/strong>com o nome Hakuna Matata, com certeza, foi por meio da anima\u00e7\u00e3o O Rei Le\u00e3o, que fala sobre a hist\u00f3ria do jovem le\u00e3o Simba, que passa a vida em busca de descobrir o seu pr\u00f3prio destino, com a ajuda de um suricato e um javali que contam com uma famosa frase.<\/p>\n<p>Primeiramente, o seu <strong>contato<\/strong> com o Hakuna Matata tem a ver com o significado explicado por Tim\u00e3o e Pumba. Ele tem origem do idioma sua\u00edle, falado na \u00c1frica ocidental e significa \u201cn\u00e3o se preocupe\u201d ou \u201csem problemas\u201d.<\/p>\n<p>Diante deste lema, nasceu a Hakuna Matata Brindes, empresa refer\u00eancia na confec\u00e7\u00e3o de brindes promocionais, a fim de atender as principais caracter\u00edsticas das empresas, que v\u00e3o desde o primeiro <strong>contato<\/strong>, or\u00e7amentos com excelente custo benef\u00edcio, prazos adequados e a aten\u00e7\u00e3o especial.<\/p>\n<p>Os consultores s\u00e3o treinados e capacitados para oferecer o m\u00e1ximo de informa\u00e7\u00f5es para os nossos consumidores em potencial, desde o primeiro <strong>contato, <\/strong>a fim de que voc\u00ea n\u00e3o pense em nenhum outro.<\/p>\n<h3><a href=\"https:\/\/web.whatsapp.com\/send?phone=5511947773858&amp;text=\">Entre em <strong>contato conosco <\/strong><\/a>e conhe\u00e7a mais do nosso trabalho<\/h3>\n<p>O diferencial da Hakuna Matata que o coloca na lideran\u00e7a no segmento de brindes promocionais \u00e9 o foco no resultado, a fim de oferecer os melhores produtos e que possam surpreender o seu p\u00fablico alvo.<\/p>\n<p>Diante disso, confira o <strong>contato <\/strong>com a nossa equipe, que est\u00e1 \u00e0 disposi\u00e7\u00e3o a fim de tirar todas as suas d\u00favidas e auxili\u00e1-los em qualquer situa\u00e7\u00e3o, a fim de que voc\u00ea possa oferecer o melhor no segmento de brindes promocionais.<\/p>\n<p><iframe style=\"border: 0;\" tabindex=\"0\" src=\"https:\/\/www.google.com\/maps\/embed?pb=!1m18!1m12!1m3!1d3659.463531661103!2d-46.63520988502376!3d-23.479807984723465!2m3!1f0!2f0!3f0!3m2!1i1024!2i768!4f13.1!3m3!1m2!1s0x94cef7ad4070e8b1%3A0x413b0d76c0116baf!2sR.%20Jacarapinima%2C%2056%20-%20Parque%20Mandaqui%2C%20S%C3%A3o%20Paulo%20-%20SP%2C%2002415-010!5e0!3m2!1spt-BR!2sbr!4v1588716229760!5m2!1spt-BR!2sbr\" width=\"600\" height=\"450\" frameborder=\"0\" allowfullscreen=\"allowfullscreen\" aria-hidden=\"false\"><\/iframe><\/p>\n<p>&nbsp;<\/p>\n<p>&nbsp;<\/p>\n<p>&nbsp;<\/p>\n","protected":false},"excerpt":{"rendered":"<p>Conhe\u00e7a a Hakuna Matata Brindes e como surpreender o nosso servi\u00e7o O seu primeiro contato com o nome Hakuna Matata, &#8230; <\/p>\n","protected":false},"author":2,"featured_media":0,"parent":0,"menu_order":0,"comment_status":"closed","ping_status":"closed","template":"","meta":{"footnotes":""},"class_list":["post-91","page","type-page","status-publish","hentry"],"aioseo_notices":[],"_links":{"self":[{"href":"https:\/\/hakunamatatabrindes.com.br\/blog\/wp-json\/wp\/v2\/pages\/91","targetHints":{"allow":["GET"]}}],"collection":[{"href":"https:\/\/hakunamatatabrindes.com.br\/blog\/wp-json\/wp\/v2\/pages"}],"about":[{"href":"https:\/\/hakunamatatabrindes.com.br\/blog\/wp-json\/wp\/v2\/types\/page"}],"author":[{"embeddable":true,"href":"https:\/\/hakunamatatabrindes.com.br\/blog\/wp-json\/wp\/v2\/users\/2"}],"replies":[{"embeddable":true,"href":"https:\/\/hakunamatatabrindes.com.br\/blog\/wp-json\/wp\/v2\/comments?post=91"}],"version-history":[{"count":1,"href":"https:\/\/hakunamatatabrindes.com.br\/blog\/wp-json\/wp\/v2\/pages\/91\/revisions"}],"predecessor-version":[{"id":25128,"href":"https:\/\/hakunamatatabrindes.com.br\/blog\/wp-json\/wp\/v2\/pages\/91\/revisions\/25128"}],"wp:attachment":[{"href":"https:\/\/hakunamatatabrindes.com.br\/blog\/wp-json\/wp\/v2\/media?parent=91"}],"curies":[{"name":"wp","href":"https:\/\/api.w.org\/{rel}","templated":true}]}}